{"id":384,"date":"2024-08-29T11:58:30","date_gmt":"2024-08-29T11:58:30","guid":{"rendered":"https:\/\/pegaselog.com\/?page_id=384"},"modified":"2024-08-29T13:29:59","modified_gmt":"2024-08-29T13:29:59","slug":"presence-internationale","status":"publish","type":"page","link":"https:\/\/pegaselog.com\/en\/presence-internationale\/","title":{"rendered":"International Presence"},"content":{"rendered":"<div data-elementor-type=\"wp-page\" data-elementor-id=\"384\" class=\"elementor elementor-384\" data-elementor-post-type=\"page\">\n\t\t\t\t<div class=\"elementor-element elementor-element-e4eefa8 e-con-full e-flex e-con e-parent\" data-id=\"e4eefa8\" data-element_type=\"container\" data-e-type=\"container\">\n\t\t\t\t<div class=\"elementor-element elementor-element-6dfe91d elementor-widget elementor-widget-template\" data-id=\"6dfe91d\" data-element_type=\"widget\" data-e-type=\"widget\" data-widget_type=\"template.default\">\n\t\t\t\t<div class=\"elementor-widget-container\">\n\t\t\t\t\t\t\t<div class=\"elementor-template\">\n\t\t\t\t\t<div data-elementor-type=\"container\" data-elementor-id=\"402\" class=\"elementor elementor-402\" data-elementor-post-type=\"elementor_library\">\n\t\t\t\t<div class=\"elementor-element elementor-element-401c650d e-flex e-con-boxed e-con e-parent\" data-id=\"401c650d\" data-element_type=\"container\" data-e-type=\"container\" data-settings=\"{&quot;background_background&quot;:&quot;classic&quot;}\">\n\t\t\t\t\t<div class=\"e-con-inner\">\n\t\t\t\t\t<\/div>\n\t\t\t\t<\/div>\n\t\t\t\t<\/div>\n\t\t\t\t<\/div>\n\t\t\t\t\t\t<\/div>\n\t\t\t\t<\/div>\n\t\t\t\t<\/div>\n\t\t<div class=\"elementor-element elementor-element-63b45d6 e-flex e-con-boxed e-con e-parent\" data-id=\"63b45d6\" data-element_type=\"container\" data-e-type=\"container\">\n\t\t\t\t\t<div class=\"e-con-inner\">\n\t\t\t\t<div class=\"elementor-element elementor-element-4dce2b4 elementor-widget__width-initial elementor-widget-mobile__width-inherit elementor-widget elementor-widget-heading\" data-id=\"4dce2b4\" data-element_type=\"widget\" data-e-type=\"widget\" data-widget_type=\"heading.default\">\n\t\t\t\t<div class=\"elementor-widget-container\">\n\t\t\t\t\t<h2 class=\"elementor-heading-title elementor-size-default\">Recognized globally for our expertise in West African logistics, invited to shape the future of energy at international forums.<\/h2>\t\t\t\t<\/div>\n\t\t\t\t<\/div>\n\t\t\t\t<div class=\"elementor-element elementor-element-bffe3bb elementor-widget elementor-widget-image\" data-id=\"bffe3bb\" data-element_type=\"widget\" data-e-type=\"widget\" data-widget_type=\"image.default\">\n\t\t\t\t<div class=\"elementor-widget-container\">\n\t\t\t\t\t\t\t\t\t\t\t\t\t\t\t<img fetchpriority=\"high\" decoding=\"async\" width=\"1702\" height=\"468\" src=\"https:\/\/pegaselog.com\/wp-content\/uploads\/2024\/08\/logos-1-e1724938161145.webp\" class=\"attachment-full size-full wp-image-605\" alt=\"\" srcset=\"https:\/\/pegaselog.com\/wp-content\/uploads\/2024\/08\/logos-1-e1724938161145.webp 1702w, https:\/\/pegaselog.com\/wp-content\/uploads\/2024\/08\/logos-1-e1724938161145-300x82.webp 300w, https:\/\/pegaselog.com\/wp-content\/uploads\/2024\/08\/logos-1-e1724938161145-1024x282.webp 1024w, https:\/\/pegaselog.com\/wp-content\/uploads\/2024\/08\/logos-1-e1724938161145-768x211.webp 768w, https:\/\/pegaselog.com\/wp-content\/uploads\/2024\/08\/logos-1-e1724938161145-1536x422.webp 1536w, https:\/\/pegaselog.com\/wp-content\/uploads\/2024\/08\/logos-1-e1724938161145-18x5.webp 18w\" sizes=\"(max-width: 1702px) 100vw, 1702px\" \/>\t\t\t\t\t\t\t\t\t\t\t\t\t\t\t<\/div>\n\t\t\t\t<\/div>\n\t\t\t\t\t<\/div>\n\t\t\t\t<\/div>\n\t\t<div class=\"elementor-element elementor-element-34b76c5 e-con-full e-flex e-con e-parent\" data-id=\"34b76c5\" data-element_type=\"container\" data-e-type=\"container\">\n\t\t\t\t<div class=\"elementor-element elementor-element-0a970ec elementor-widget elementor-widget-template\" data-id=\"0a970ec\" data-element_type=\"widget\" data-e-type=\"widget\" data-widget_type=\"template.default\">\n\t\t\t\t<div class=\"elementor-widget-container\">\n\t\t\t\t\t\t\t<div class=\"elementor-template\">\n\t\t\t\t\t<div data-elementor-type=\"container\" data-elementor-id=\"301\" class=\"elementor elementor-301\" data-elementor-post-type=\"elementor_library\">\n\t\t\t\t<div class=\"elementor-element elementor-element-2164157 e-flex e-con-boxed e-con e-parent\" data-id=\"2164157\" data-element_type=\"container\" data-e-type=\"container\" data-settings=\"{&quot;background_background&quot;:&quot;classic&quot;}\">\n\t\t\t\t\t<div class=\"e-con-inner\">\n\t\t<div class=\"elementor-element elementor-element-447d700 e-con-full e-flex e-con e-child\" data-id=\"447d700\" data-element_type=\"container\" data-e-type=\"container\">\n\t\t\t\t<div class=\"elementor-element elementor-element-47d0184 elementor-widget elementor-widget-icon-box\" data-id=\"47d0184\" data-element_type=\"widget\" data-e-type=\"widget\" data-widget_type=\"icon-box.default\">\n\t\t\t\t<div class=\"elementor-widget-container\">\n\t\t\t\t\t\t\t<div class=\"elementor-icon-box-wrapper\">\n\n\t\t\t\n\t\t\t\t\t\t<div class=\"elementor-icon-box-content\">\n\n\t\t\t\t\t\t\t\t\t<h3 class=\"elementor-icon-box-title\">\n\t\t\t\t\t\t<span  >\n\t\t\t\t\t\t\tGet in Touch !\t\t\t\t\t\t<\/span>\n\t\t\t\t\t<\/h3>\n\t\t\t\t\n\t\t\t\t\t\t\t\t\t<p class=\"elementor-icon-box-description\">\n\t\t\t\t\t\tFill The Form To Get Latest News &amp; Updates\t\t\t\t\t<\/p>\n\t\t\t\t\n\t\t\t<\/div>\n\t\t\t\n\t\t<\/div>\n\t\t\t\t\t\t<\/div>\n\t\t\t\t<\/div>\n\t\t\t\t<div class=\"elementor-element elementor-element-1aedb63 elementor-button-align-center elementor-widget elementor-widget-form\" data-id=\"1aedb63\" data-element_type=\"widget\" data-e-type=\"widget\" data-settings=\"{&quot;step_next_label&quot;:&quot;Next&quot;,&quot;step_previous_label&quot;:&quot;Previous&quot;,&quot;button_width&quot;:&quot;100&quot;,&quot;step_type&quot;:&quot;number_text&quot;,&quot;step_icon_shape&quot;:&quot;circle&quot;}\" data-widget_type=\"form.default\">\n\t\t\t\t<div class=\"elementor-widget-container\">\n\t\t\t\t\t\t\t<form class=\"elementor-form\" method=\"post\" name=\"New Form\" action=\"\">\n\t\t\t<input type=\"hidden\" name=\"post_id\" value=\"301\"\/>\n\t\t\t<input type=\"hidden\" name=\"form_id\" value=\"1aedb63\"\/>\n\t\t\t<input type=\"hidden\" name=\"referer_title\" value=\"\" \/>\n\n\t\t\t\t\t\t\t<input type=\"hidden\" name=\"queried_id\" value=\"36\"\/>\n\t\t\t\n\t\t\t<div class=\"elementor-form-fields-wrapper elementor-labels-\">\n\t\t\t\t\t\t\t\t<div class=\"elementor-field-type-text elementor-field-group elementor-column elementor-field-group-first_name elementor-col-50\">\n\t\t\t\t\t\t\t\t\t\t\t\t<label for=\"form-field-first_name\" class=\"elementor-field-label elementor-screen-only\">\n\t\t\t\t\t\t\t\tFirst Name\t\t\t\t\t\t\t<\/label>\n\t\t\t\t\t\t\t\t\t\t\t\t\t\t<input size=\"1\" type=\"text\" name=\"form_fields[first_name]\" id=\"form-field-first_name\" class=\"elementor-field elementor-size-md  elementor-field-textual\" placeholder=\"First Name\">\n\t\t\t\t\t\t\t\t\t\t\t<\/div>\n\t\t\t\t\t\t\t\t<div class=\"elementor-field-type-text elementor-field-group elementor-column elementor-field-group-last_name elementor-col-50\">\n\t\t\t\t\t\t\t\t\t\t\t\t<label for=\"form-field-last_name\" class=\"elementor-field-label elementor-screen-only\">\n\t\t\t\t\t\t\t\tLast Name\t\t\t\t\t\t\t<\/label>\n\t\t\t\t\t\t\t\t\t\t\t\t\t\t<input size=\"1\" type=\"text\" name=\"form_fields[last_name]\" id=\"form-field-last_name\" class=\"elementor-field elementor-size-md  elementor-field-textual\" placeholder=\"Last Name\">\n\t\t\t\t\t\t\t\t\t\t\t<\/div>\n\t\t\t\t\t\t\t\t<div class=\"elementor-field-type-email elementor-field-group elementor-column elementor-field-group-email elementor-col-50 elementor-field-required\">\n\t\t\t\t\t\t\t\t\t\t\t\t<label for=\"form-field-email\" class=\"elementor-field-label elementor-screen-only\">\n\t\t\t\t\t\t\t\tEmail\t\t\t\t\t\t\t<\/label>\n\t\t\t\t\t\t\t\t\t\t\t\t\t\t<input size=\"1\" type=\"email\" name=\"form_fields[email]\" id=\"form-field-email\" class=\"elementor-field elementor-size-md  elementor-field-textual\" placeholder=\"Email\" required=\"required\">\n\t\t\t\t\t\t\t\t\t\t\t<\/div>\n\t\t\t\t\t\t\t\t<div class=\"elementor-field-type-tel elementor-field-group elementor-column elementor-field-group-contact_number elementor-col-50 elementor-field-required\">\n\t\t\t\t\t\t\t\t\t\t\t\t<label for=\"form-field-contact_number\" class=\"elementor-field-label elementor-screen-only\">\n\t\t\t\t\t\t\t\tContact Number\t\t\t\t\t\t\t<\/label>\n\t\t\t\t\t\t\t\t<input size=\"1\" type=\"tel\" name=\"form_fields[contact_number]\" id=\"form-field-contact_number\" class=\"elementor-field elementor-size-md  elementor-field-textual\" placeholder=\"Contact Number\" required=\"required\" pattern=\"[0-9()#&amp;+*-=.]+\" title=\"Seuls les caract\u00e8res de num\u00e9ros de t\u00e9l\u00e9phone (#, -, *, etc.) sont accept\u00e9s.\">\n\n\t\t\t\t\t\t<\/div>\n\t\t\t\t\t\t\t\t<div class=\"elementor-field-type-textarea elementor-field-group elementor-column elementor-field-group-field_bf82820 elementor-col-100\">\n\t\t\t\t\t\t\t\t\t\t\t\t<label for=\"form-field-field_bf82820\" class=\"elementor-field-label elementor-screen-only\">\n\t\t\t\t\t\t\t\tMessage\t\t\t\t\t\t\t<\/label>\n\t\t\t\t\t\t<textarea class=\"elementor-field-textual elementor-field  elementor-size-md\" name=\"form_fields[field_bf82820]\" id=\"form-field-field_bf82820\" rows=\"4\" placeholder=\"Write Your Message...\"><\/textarea>\t\t\t\t<\/div>\n\t\t\t\t\t\t\t\t<div class=\"elementor-field-group elementor-column elementor-field-type-submit elementor-col-100 e-form__buttons\">\n\t\t\t\t\t<button class=\"elementor-button elementor-size-sm\" type=\"submit\">\n\t\t\t\t\t\t<span class=\"elementor-button-content-wrapper\">\n\t\t\t\t\t\t\t\t\t\t\t\t\t\t\t\t\t\t\t\t\t\t<span class=\"elementor-button-text\">Submit<\/span>\n\t\t\t\t\t\t\t\t\t\t\t\t\t<\/span>\n\t\t\t\t\t<\/button>\n\t\t\t\t<\/div>\n\t\t\t<\/div>\n\t\t<input type=\"hidden\" name=\"trp-form-language\" value=\"en\"\/><\/form>\n\t\t\t\t\t\t<\/div>\n\t\t\t\t<\/div>\n\t\t\t\t<\/div>\n\t\t\t\t\t<\/div>\n\t\t\t\t<\/div>\n\t\t\t\t<\/div>\n\t\t\t\t<\/div>\n\t\t\t\t\t\t<\/div>\n\t\t\t\t<\/div>\n\t\t\t\t<\/div>\n\t\t<div class=\"elementor-element elementor-element-0f425ac e-con-full e-flex e-con e-parent\" data-id=\"0f425ac\" data-element_type=\"container\" data-e-type=\"container\">\n\t\t\t\t<div class=\"elementor-element elementor-element-cde1cff elementor-widget elementor-widget-template\" data-id=\"cde1cff\" data-element_type=\"widget\" data-e-type=\"widget\" data-widget_type=\"template.default\">\n\t\t\t\t<div class=\"elementor-widget-container\">\n\t\t\t\t\t\t\t<div class=\"elementor-template\">\n\t\t\t\t\t<div data-elementor-type=\"container\" data-elementor-id=\"252\" class=\"elementor elementor-252\" data-elementor-post-type=\"elementor_library\">\n\t\t\t\t<div class=\"elementor-element elementor-element-57fd4fc e-flex e-con-boxed e-con e-parent\" data-id=\"57fd4fc\" data-element_type=\"container\" data-e-type=\"container\">\n\t\t\t\t\t<div class=\"e-con-inner\">\n\t\t\t\t<div class=\"elementor-element elementor-element-196d396 elementor-position-inline-start elementor-view-default elementor-mobile-position-block-start elementor-widget elementor-widget-icon-box\" data-id=\"196d396\" data-element_type=\"widget\" data-e-type=\"widget\" data-widget_type=\"icon-box.default\">\n\t\t\t\t<div class=\"elementor-widget-container\">\n\t\t\t\t\t\t\t<div class=\"elementor-icon-box-wrapper\">\n\n\t\t\t\t\t\t<div class=\"elementor-icon-box-icon\">\n\t\t\t\t<span  class=\"elementor-icon\">\n\t\t\t\t<svg xmlns=\"http:\/\/www.w3.org\/2000\/svg\" width=\"52\" height=\"52\" viewbox=\"0 0 52 52\" fill=\"none\"><g id=\"newsletter-svgrepo-com 1\" clip-path=\"url(#clip0_9_6866)\"><g id=\"Group\"><g id=\"Group_2\"><g id=\"Group_3\"><path id=\"Vector\" d=\"M50.9617 21.8391L40.8755 15.3393C40.7966 15.2891 40.7096 15.2701 40.6248 15.242V13.0003C40.6248 12.4016 40.1403 11.9168 39.5413 11.9168H35.5187L27.116 6.66509C26.765 6.44497 26.3185 6.44497 25.9671 6.66509L17.5645 11.9168H12.4583C11.8597 11.9168 11.3749 12.4013 11.3749 13.0003V15.2414C11.2901 15.2695 11.2028 15.2888 11.1242 15.3393L1.03793 21.8391C0.728948 22.039 0.541565 22.3819 0.541565 22.7498V50.9163C0.541565 51.5149 1.02608 51.9997 1.62502 51.9997H50.3746C50.9733 51.9997 51.4581 51.5152 51.4581 50.9163V22.7501C51.4581 22.3819 51.2707 22.0393 50.9617 21.8391ZM26.5417 8.86162L31.4308 11.9168H21.6526L26.5417 8.86162ZM13.5418 14.0834H38.4582V38.4582C38.4582 38.4613 38.4601 38.4638 38.4601 38.4673L34.7953 40.6925L25.9768 35.8826C25.6478 35.7048 25.2478 35.7058 24.9211 35.8932L16.8739 40.4917L13.5402 38.4676C13.5402 38.4645 13.5421 38.462 13.5421 38.4589L13.5418 14.0834ZM2.70848 23.3403L11.3749 17.7563V37.1531L2.70848 31.8908V23.3403ZM2.70848 34.4247L14.7238 41.7195L2.70848 48.5857V34.4247ZM4.8916 49.8334L25.471 38.0744L47.0295 49.8334H4.8916ZM49.2915 48.5991L36.9934 41.8913L49.2915 34.4243V48.5991ZM49.2915 31.8908L40.6248 37.1528V17.7563L49.2915 23.3407V31.8908Z\" fill=\"#B79920\"><\/path><path id=\"Vector_2\" d=\"M17.875 24.9167H30.8749C31.4735 24.9167 31.9584 24.4322 31.9584 23.8333V17.3335C31.9584 16.7348 31.4739 16.25 30.8749 16.25H17.875C17.2764 16.25 16.7915 16.7345 16.7915 17.3335V23.8333C16.7915 24.4322 17.2764 24.9167 17.875 24.9167ZM18.9581 18.4166H29.7915V22.7498H18.9581V18.4166Z\" fill=\"#B79920\"><\/path><path id=\"Vector_3\" d=\"M34.1247 27.0835H16.7915V29.2501H34.1247V27.0835Z\" fill=\"#B79920\"><\/path><path id=\"Vector_4\" d=\"M34.1247 31.417H16.7915V33.5836H34.1247V31.417Z\" fill=\"#B79920\"><\/path><path id=\"Vector_5\" d=\"M46.0414 13.0002C46.3186 13.0002 46.5958 12.8945 46.8075 12.6828L50.6372 8.85315C51.0603 8.43006 51.0603 7.74444 50.6372 7.32134C50.2141 6.89794 49.5285 6.89825 49.1054 7.32134L45.2757 11.151C44.8526 11.5741 44.8526 12.2597 45.2757 12.6828C45.4871 12.8945 45.7643 13.0002 46.0414 13.0002Z\" fill=\"#B79920\"><\/path><path id=\"Vector_6\" d=\"M5.19249 12.6832C5.40419 12.8949 5.68137 13.0006 5.95855 13.0006C6.23573 13.0006 6.5129 12.8949 6.72461 12.6832C7.1477 12.2601 7.1477 11.5745 6.72461 11.1514L2.89463 7.32171C2.47153 6.89862 1.78592 6.89862 1.36282 7.32171C0.939728 7.74481 0.939728 8.43043 1.36282 8.85352L5.19249 12.6832Z\" fill=\"#B79920\"><\/path><path id=\"Vector_7\" d=\"M36.9728 7.50642C37.1041 7.55942 37.2407 7.58343 37.3747 7.58343C37.8044 7.58343 38.2116 7.3262 38.3809 6.90217L40.5475 1.48551C40.7698 0.930223 40.4988 0.29948 39.9435 0.0774883C39.3935 -0.143568 38.7575 0.123945 38.5355 0.681418L36.3689 6.09808C36.1466 6.65368 36.4172 7.28442 36.9728 7.50642Z\" fill=\"#B79920\"><\/path><path id=\"Vector_8\" d=\"M14.7023 6.9023C14.8716 7.32664 15.2788 7.58356 15.7084 7.58356C15.8428 7.58356 15.9793 7.55924 16.1103 7.50623C16.6656 7.28393 16.9365 6.6535 16.7142 6.09821L14.5476 0.681547C14.3253 0.124074 13.6908 -0.143751 13.1396 0.0776176C12.5843 0.299921 12.3134 0.930352 12.5357 1.48564L14.7023 6.9023Z\" fill=\"#B79920\"><\/path><\/g><\/g><\/g><\/g><defs><clippath id=\"clip0_9_6866\"><rect width=\"52\" height=\"52\" fill=\"white\"><\/rect><\/clippath><\/defs><\/svg>\t\t\t\t<\/span>\n\t\t\t<\/div>\n\t\t\t\n\t\t\t\t\t\t<div class=\"elementor-icon-box-content\">\n\n\t\t\t\t\t\t\t\t\t<h3 class=\"elementor-icon-box-title\">\n\t\t\t\t\t\t<span  >\n\t\t\t\t\t\t\tSubscribe Our Newsletter\t\t\t\t\t\t<\/span>\n\t\t\t\t\t<\/h3>\n\t\t\t\t\n\t\t\t\t\n\t\t\t<\/div>\n\t\t\t\n\t\t<\/div>\n\t\t\t\t\t\t<\/div>\n\t\t\t\t<\/div>\n\t\t\t\t<div class=\"elementor-element elementor-element-daf7012 elementor-widget__width-inherit ns elementor-button-align-stretch elementor-widget elementor-widget-form\" data-id=\"daf7012\" data-element_type=\"widget\" data-e-type=\"widget\" data-settings=\"{&quot;button_width&quot;:&quot;30&quot;,&quot;step_next_label&quot;:&quot;Next&quot;,&quot;step_previous_label&quot;:&quot;Previous&quot;,&quot;step_type&quot;:&quot;number_text&quot;,&quot;step_icon_shape&quot;:&quot;circle&quot;}\" data-widget_type=\"form.default\">\n\t\t\t\t<div class=\"elementor-widget-container\">\n\t\t\t\t\t\t\t<form class=\"elementor-form\" method=\"post\" name=\"New Form\" action=\"\">\n\t\t\t<input type=\"hidden\" name=\"post_id\" value=\"252\"\/>\n\t\t\t<input type=\"hidden\" name=\"form_id\" value=\"daf7012\"\/>\n\t\t\t<input type=\"hidden\" name=\"referer_title\" value=\"\" \/>\n\n\t\t\t\t\t\t\t<input type=\"hidden\" name=\"queried_id\" value=\"36\"\/>\n\t\t\t\n\t\t\t<div class=\"elementor-form-fields-wrapper elementor-labels-\">\n\t\t\t\t\t\t\t\t<div class=\"elementor-field-type-email elementor-field-group elementor-column elementor-field-group-email elementor-col-70 elementor-field-required\">\n\t\t\t\t\t\t\t\t\t\t\t\t<label for=\"form-field-email\" class=\"elementor-field-label elementor-screen-only\">\n\t\t\t\t\t\t\t\tEmail\t\t\t\t\t\t\t<\/label>\n\t\t\t\t\t\t\t\t\t\t\t\t\t\t<input size=\"1\" type=\"email\" name=\"form_fields[email]\" id=\"form-field-email\" class=\"elementor-field elementor-size-lg  elementor-field-textual\" placeholder=\"Entrez Votre Email\" required=\"required\">\n\t\t\t\t\t\t\t\t\t\t\t<\/div>\n\t\t\t\t\t\t\t\t<div class=\"elementor-field-group elementor-column elementor-field-type-submit elementor-col-30 e-form__buttons\">\n\t\t\t\t\t<button class=\"elementor-button elementor-size-sm\" type=\"submit\">\n\t\t\t\t\t\t<span class=\"elementor-button-content-wrapper\">\n\t\t\t\t\t\t\t\t\t\t\t\t\t\t\t\t\t\t\t\t\t\t<span class=\"elementor-button-text\">Subscribe<\/span>\n\t\t\t\t\t\t\t\t\t\t\t\t\t<\/span>\n\t\t\t\t\t<\/button>\n\t\t\t\t<\/div>\n\t\t\t<\/div>\n\t\t<input type=\"hidden\" name=\"trp-form-language\" value=\"en\"\/><\/form>\n\t\t\t\t\t\t<\/div>\n\t\t\t\t<\/div>\n\t\t\t\t\t<\/div>\n\t\t\t\t<\/div>\n\t\t\t\t<\/div>\n\t\t\t\t<\/div>\n\t\t\t\t\t\t<\/div>\n\t\t\t\t<\/div>\n\t\t\t\t<\/div>\n\t\t\t\t<\/div>","protected":false},"excerpt":{"rendered":"<p>Reconnu mondialement pour notre expertise en logistique en Afrique de l&rsquo;Ouest, invit\u00e9 \u00e0 fa\u00e7onner l&rsquo;avenir de l&rsquo;\u00e9nergie lors de forums internationaux.<\/p>","protected":false},"author":1,"featured_media":593,"parent":0,"menu_order":0,"comment_status":"closed","ping_status":"closed","template":"elementor_header_footer","meta":{"footnotes":""},"class_list":["post-384","page","type-page","status-publish","has-post-thumbnail","hentry"],"_links":{"self":[{"href":"https:\/\/pegaselog.com\/en\/wp-json\/wp\/v2\/pages\/384","targetHints":{"allow":["GET"]}}],"collection":[{"href":"https:\/\/pegaselog.com\/en\/wp-json\/wp\/v2\/pages"}],"about":[{"href":"https:\/\/pegaselog.com\/en\/wp-json\/wp\/v2\/types\/page"}],"author":[{"embeddable":true,"href":"https:\/\/pegaselog.com\/en\/wp-json\/wp\/v2\/users\/1"}],"replies":[{"embeddable":true,"href":"https:\/\/pegaselog.com\/en\/wp-json\/wp\/v2\/comments?post=384"}],"version-history":[{"count":16,"href":"https:\/\/pegaselog.com\/en\/wp-json\/wp\/v2\/pages\/384\/revisions"}],"predecessor-version":[{"id":617,"href":"https:\/\/pegaselog.com\/en\/wp-json\/wp\/v2\/pages\/384\/revisions\/617"}],"wp:featuredmedia":[{"embeddable":true,"href":"https:\/\/pegaselog.com\/en\/wp-json\/wp\/v2\/media\/593"}],"wp:attachment":[{"href":"https:\/\/pegaselog.com\/en\/wp-json\/wp\/v2\/media?parent=384"}],"curies":[{"name":"wp","href":"https:\/\/api.w.org\/{rel}","templated":true}]}}